{"id":22,"date":"2014-04-08T11:10:51","date_gmt":"2014-04-08T09:10:51","guid":{"rendered":"http:\/\/www.coverman.se\/next\/?page_id=22"},"modified":"2024-10-22T09:15:52","modified_gmt":"2024-10-22T08:15:52","slug":"affarside","status":"publish","type":"page","link":"https:\/\/nextstrategies.se\/?page_id=22","title":{"rendered":"VETFAMILY"},"content":{"rendered":"\n<figure class=\"wp-block-image size-large\"><a href=\"http:\/\/nextstrategies.se\/wp-content\/uploads\/2021\/03\/VF-Header.png\"><img loading=\"lazy\" decoding=\"async\" width=\"492\" height=\"114\" src=\"http:\/\/nextstrategies.se\/wp-content\/uploads\/2021\/03\/VF-Header.png\" alt=\"\" class=\"wp-image-187\" srcset=\"https:\/\/nextstrategies.se\/wp-content\/uploads\/2021\/03\/VF-Header.png 492w, https:\/\/nextstrategies.se\/wp-content\/uploads\/2021\/03\/VF-Header-300x70.png 300w\" sizes=\"auto, (max-width: 492px) 100vw, 492px\" \/><\/a><\/figure>\n\n\n\n<div class=\"wp-block-columns is-layout-flex wp-container-core-columns-is-layout-9d6595d7 wp-block-columns-is-layout-flex\">\n<div class=\"wp-block-column is-layout-flow wp-block-column-is-layout-flow\" style=\"flex-basis:100%\">\n<p>Efter ett uppdrag 2012 i veterin\u00e4rbranschen s\u00e5g vi en m\u00f6jlighet att medverka i branschens konsolidering. I samarbete med AniCura utvecklade vi ett unikt ink\u00f6pssamarbete riktat mot de frist\u00e5ende veterin\u00e4rerna. Vi tog fram en aff\u00e4rsplan f\u00f6r ett nytt dotterbolag till AniCura och fick sedan det operativa ansvaret f\u00f6r f\u00f6rberedelser och lansering av konceptet p\u00e5 den svenska marknaden. Vi rekryterade \u00f6ver 200 kliniker som medlemmar och bidrog till att VetFamily nu etablerat konceptet i 11 l\u00e4nder med sammanlagt 7000 medlemmar.<\/p>\n<p>Under 2019 knoppades VetFamily av fr\u00e5n AniCura och blev ett sj\u00e4lvst\u00e4ndigt bolag. Under v\u00e5ren 2021 gick flera djurh\u00e4lsof\u00f6retag samman i koncernen Vimian som b\u00f6rsnoterades i Stockholm.<\/p>\n<p><b>V\u00e5rt bidrag:<\/b><\/p>\n<ul>\n<li>Aff\u00e4rsutveckling, aff\u00e4rsplan<\/li>\n<li>Bygga aff\u00e4rsmodell<\/li>\n<li>Operativ ledning<\/li>\n<\/ul>\n<\/div>\n<\/div>\n\n\n\n<figure class=\"wp-block-image size-large\"><a href=\"http:\/\/nextstrategies.se\/wp-content\/uploads\/2021\/03\/VetFamily-hjulet.png\"><img loading=\"lazy\" decoding=\"async\" width=\"492\" height=\"506\" src=\"http:\/\/nextstrategies.se\/wp-content\/uploads\/2021\/03\/VetFamily-hjulet.png\" alt=\"\" class=\"wp-image-188\" srcset=\"https:\/\/nextstrategies.se\/wp-content\/uploads\/2021\/03\/VetFamily-hjulet.png 492w, https:\/\/nextstrategies.se\/wp-content\/uploads\/2021\/03\/VetFamily-hjulet-292x300.png 292w\" sizes=\"auto, (max-width: 492px) 100vw, 492px\" \/><\/a><\/figure>\n","protected":false},"excerpt":{"rendered":"<p>Efter ett uppdrag 2012 i veterin\u00e4rbranschen s\u00e5g vi en m\u00f6jlighet att medverka i branschens konsolidering. I samarbete med AniCura utvecklade vi ett unikt ink\u00f6pssamarbete riktat mot de frist\u00e5ende veterin\u00e4rerna. Vi tog fram en aff\u00e4rsplan f\u00f6r ett nytt dotterbolag till AniCura och fick sedan det operativa ansvaret f\u00f6r f\u00f6rberedelser och lansering av konceptet p\u00e5 den svenska [&hellip;]<\/p>\n","protected":false},"author":1,"featured_media":0,"parent":0,"menu_order":0,"comment_status":"closed","ping_status":"closed","template":"template-nosidebar.php","meta":{"footnotes":""},"class_list":["post-22","page","type-page","status-publish","hentry","post-preview"],"_links":{"self":[{"href":"https:\/\/nextstrategies.se\/index.php?rest_route=\/wp\/v2\/pages\/22","targetHints":{"allow":["GET"]}}],"collection":[{"href":"https:\/\/nextstrategies.se\/index.php?rest_route=\/wp\/v2\/pages"}],"about":[{"href":"https:\/\/nextstrategies.se\/index.php?rest_route=\/wp\/v2\/types\/page"}],"author":[{"embeddable":true,"href":"https:\/\/nextstrategies.se\/index.php?rest_route=\/wp\/v2\/users\/1"}],"replies":[{"embeddable":true,"href":"https:\/\/nextstrategies.se\/index.php?rest_route=%2Fwp%2Fv2%2Fcomments&post=22"}],"version-history":[{"count":5,"href":"https:\/\/nextstrategies.se\/index.php?rest_route=\/wp\/v2\/pages\/22\/revisions"}],"predecessor-version":[{"id":251,"href":"https:\/\/nextstrategies.se\/index.php?rest_route=\/wp\/v2\/pages\/22\/revisions\/251"}],"wp:attachment":[{"href":"https:\/\/nextstrategies.se\/index.php?rest_route=%2Fwp%2Fv2%2Fmedia&parent=22"}],"curies":[{"name":"wp","href":"https:\/\/api.w.org\/{rel}","templated":true}]}}