{"id":24,"date":"2014-04-08T11:11:43","date_gmt":"2014-04-08T09:11:43","guid":{"rendered":"http:\/\/www.coverman.se\/next\/?page_id=24"},"modified":"2016-03-10T10:21:07","modified_gmt":"2016-03-10T09:21:07","slug":"basen-i-verksamheten-venture-management","status":"publish","type":"page","link":"https:\/\/nextstrategies.se\/?page_id=24","title":{"rendered":"Basen i verksamheten \u2013 Venture Management"},"content":{"rendered":"<p><span style=\"line-height: 1.5em;\">Next Strategies erbjuder handfast hj\u00e4lp:<\/span><\/p>\n<ul>\n<li>\u00d6kning av f\u00f6retagets v\u00e4rde genom att bygga varum\u00e4rken, kundbas och organisatorisk kompetens.<\/li>\n<li>\u00d6kning av f\u00f6retagets v\u00e4rde genom f\u00f6rv\u00e4rv<\/li>\n<li>Kapitalsn\u00e5l expansion med franchisingteknik.<\/li>\n<li>Internationalisering av svenska verksamheter.<\/li>\n<li>Etablering av utl\u00e4ndska verksamheter i Sverige.<\/li>\n<li>Aff\u00e4rscoach. Operativt st\u00f6d till entrepren\u00f6rer: Utveckling av aff\u00e4rsplaner, rekrytering av nyckelpersoner och\u00a0en \u201dhj\u00e4lpande hand\u201d. Bidra till &#8221;ordning och reda&#8221;.<\/li>\n<li>Kapitalanskaffning inf\u00f6r expansion.<\/li>\n<\/ul>\n<p>Next Strategies kan erbjuda tillf\u00e4llig f\u00f6rst\u00e4rkning av ledning &#8211; n\u00e5got som ofta kr\u00e4vs f\u00f6r att dra f\u00f6rdel av ett aff\u00e4rstillf\u00e4lle, s\u00e4rskilt om det \u00e4r viktigt med snabb expansion p\u00e5 en internationell marknad. Tillf\u00e4llig f\u00f6rst\u00e4rkning kan ocks\u00e5 beh\u00f6vas i andra k\u00e4nsliga skeenden av ett f\u00f6retags utveckling t ex vid generationsskiften. \u00c4gandeutveckling genom fusioner, uppk\u00f6p och internationalisering \u00e4r ofta m\u00e5ng\u00e5riga processer som kr\u00e4ver n\u00e4ra samarbete mellan ledning, \u00e4gare och styrelse. Det \u00e4r d\u00e5 mycket viktigt att \u00e4garna deltar aktivt. H\u00e4r kan Next Strategies bidra med kunnande och delta som i f\u00f6retagsledningen och eventuellt som medlem i styrelsen under processen.<\/p>\n<p>&nbsp;<\/p>\n","protected":false},"excerpt":{"rendered":"<p>Next Strategies erbjuder handfast hj\u00e4lp: \u00d6kning av f\u00f6retagets v\u00e4rde genom att bygga varum\u00e4rken, kundbas och organisatorisk kompetens. \u00d6kning av f\u00f6retagets v\u00e4rde genom f\u00f6rv\u00e4rv Kapitalsn\u00e5l expansion med franchisingteknik. Internationalisering av svenska verksamheter. Etablering av utl\u00e4ndska verksamheter i Sverige. Aff\u00e4rscoach. Operativt st\u00f6d till entrepren\u00f6rer: Utveckling av aff\u00e4rsplaner, rekrytering av nyckelpersoner och\u00a0en \u201dhj\u00e4lpande hand\u201d. Bidra till &#8221;ordning och [&hellip;]<\/p>\n","protected":false},"author":1,"featured_media":0,"parent":0,"menu_order":0,"comment_status":"closed","ping_status":"closed","template":"template-nosidebar.php","meta":{"footnotes":""},"class_list":["post-24","page","type-page","status-publish","hentry","post-preview"],"_links":{"self":[{"href":"https:\/\/nextstrategies.se\/index.php?rest_route=\/wp\/v2\/pages\/24","targetHints":{"allow":["GET"]}}],"collection":[{"href":"https:\/\/nextstrategies.se\/index.php?rest_route=\/wp\/v2\/pages"}],"about":[{"href":"https:\/\/nextstrategies.se\/index.php?rest_route=\/wp\/v2\/types\/page"}],"author":[{"embeddable":true,"href":"https:\/\/nextstrategies.se\/index.php?rest_route=\/wp\/v2\/users\/1"}],"replies":[{"embeddable":true,"href":"https:\/\/nextstrategies.se\/index.php?rest_route=%2Fwp%2Fv2%2Fcomments&post=24"}],"version-history":[{"count":1,"href":"https:\/\/nextstrategies.se\/index.php?rest_route=\/wp\/v2\/pages\/24\/revisions"}],"predecessor-version":[{"id":121,"href":"https:\/\/nextstrategies.se\/index.php?rest_route=\/wp\/v2\/pages\/24\/revisions\/121"}],"wp:attachment":[{"href":"https:\/\/nextstrategies.se\/index.php?rest_route=%2Fwp%2Fv2%2Fmedia&parent=24"}],"curies":[{"name":"wp","href":"https:\/\/api.w.org\/{rel}","templated":true}]}}