{"id":28,"date":"2014-04-08T11:12:39","date_gmt":"2014-04-08T09:12:39","guid":{"rendered":"http:\/\/www.coverman.se\/next\/?page_id=28"},"modified":"2024-10-22T09:19:23","modified_gmt":"2024-10-22T08:19:23","slug":"next-strategies-arbetssatt","status":"publish","type":"page","link":"https:\/\/nextstrategies.se\/?page_id=28","title":{"rendered":"NonStop Gym"},"content":{"rendered":"\n<figure class=\"wp-block-image size-large is-resized\"><a href=\"http:\/\/nextstrategies.se\/wp-content\/uploads\/2021\/03\/NSG-Logga.png\"><img loading=\"lazy\" decoding=\"async\" width=\"236\" height=\"230\" src=\"http:\/\/nextstrategies.se\/wp-content\/uploads\/2021\/03\/NSG-Logga.png\" alt=\"\" class=\"wp-image-197\" style=\"width:130px;height:127px\"\/><\/a><\/figure>\n\n\n<p>Vi blev kontaktade 2013 av de svenska grundarna till l\u00e5gpris-gymkedjan NonStop Gym i Gen\u00e8ve. De s\u00f6kte hj\u00e4lp f\u00f6r att s\u00f6ka sina f\u00f6rsta investerare s\u00e5 att de skulle kunna komma ig\u00e5ng med sin f\u00f6rsta anl\u00e4ggning och b\u00f6rja bygga bolaget.<\/p>\n<p>Efter en f\u00f6rsta analys s\u00e5llade vi fram ett antal m\u00f6jliga investerare som vi sedan tr\u00e4ffade tillsammans med grundarna.<\/p>\n<p>Efter ett par m\u00e5nader hittade vi- och kom \u00f6verens med investerare och investerade \u00e4ven sj\u00e4lva i bolaget.<\/p>\n<p>Under 2023 inleddes en s\u00e4ljprocess och i december 2023 s\u00e5ldes bolaget till den Schweiziska fonden Invision Capital.<\/p>\n<p><b>V\u00e5rt bidrag:<\/b><\/p>\n<ul>\n<li>Kapitalanskaffning<\/li>\n<li>Bollplank och r\u00e5dgivning<\/li>\n<li>Exitprocessen<\/li>\n<\/ul>\n\n<div class=\"wp-block-image\">\n<figure class=\"aligncenter size-large\"><a href=\"http:\/\/nextstrategies.se\/wp-content\/uploads\/2021\/03\/NSG-bild.png\"><img loading=\"lazy\" decoding=\"async\" width=\"498\" height=\"462\" src=\"http:\/\/nextstrategies.se\/wp-content\/uploads\/2021\/03\/NSG-bild.png\" alt=\"\" class=\"wp-image-198\" srcset=\"https:\/\/nextstrategies.se\/wp-content\/uploads\/2021\/03\/NSG-bild.png 498w, https:\/\/nextstrategies.se\/wp-content\/uploads\/2021\/03\/NSG-bild-300x278.png 300w\" sizes=\"auto, (max-width: 498px) 100vw, 498px\" \/><\/a><\/figure>\n<\/div>","protected":false},"excerpt":{"rendered":"<p>Vi blev kontaktade 2013 av de svenska grundarna till l\u00e5gpris-gymkedjan NonStop Gym i Gen\u00e8ve. De s\u00f6kte hj\u00e4lp f\u00f6r att s\u00f6ka sina f\u00f6rsta investerare s\u00e5 att de skulle kunna komma ig\u00e5ng med sin f\u00f6rsta anl\u00e4ggning och b\u00f6rja bygga bolaget. Efter en f\u00f6rsta analys s\u00e5llade vi fram ett antal m\u00f6jliga investerare som vi sedan tr\u00e4ffade tillsammans med [&hellip;]<\/p>\n","protected":false},"author":1,"featured_media":0,"parent":0,"menu_order":0,"comment_status":"closed","ping_status":"closed","template":"template-nosidebar.php","meta":{"footnotes":""},"class_list":["post-28","page","type-page","status-publish","hentry","post-preview"],"_links":{"self":[{"href":"https:\/\/nextstrategies.se\/index.php?rest_route=\/wp\/v2\/pages\/28","targetHints":{"allow":["GET"]}}],"collection":[{"href":"https:\/\/nextstrategies.se\/index.php?rest_route=\/wp\/v2\/pages"}],"about":[{"href":"https:\/\/nextstrategies.se\/index.php?rest_route=\/wp\/v2\/types\/page"}],"author":[{"embeddable":true,"href":"https:\/\/nextstrategies.se\/index.php?rest_route=\/wp\/v2\/users\/1"}],"replies":[{"embeddable":true,"href":"https:\/\/nextstrategies.se\/index.php?rest_route=%2Fwp%2Fv2%2Fcomments&post=28"}],"version-history":[{"count":6,"href":"https:\/\/nextstrategies.se\/index.php?rest_route=\/wp\/v2\/pages\/28\/revisions"}],"predecessor-version":[{"id":252,"href":"https:\/\/nextstrategies.se\/index.php?rest_route=\/wp\/v2\/pages\/28\/revisions\/252"}],"wp:attachment":[{"href":"https:\/\/nextstrategies.se\/index.php?rest_route=%2Fwp%2Fv2%2Fmedia&parent=28"}],"curies":[{"name":"wp","href":"https:\/\/api.w.org\/{rel}","templated":true}]}}